{"id":541,"date":"2023-06-01T20:45:59","date_gmt":"2023-06-01T18:45:59","guid":{"rendered":"https:\/\/m6services.be\/?page_id=541"},"modified":"2023-06-01T20:46:45","modified_gmt":"2023-06-01T18:46:45","slug":"politique-des-cookies","status":"publish","type":"page","link":"https:\/\/m6services.be\/index.php\/politique-des-cookies\/","title":{"rendered":"Politique des cookies"},"content":{"rendered":"\t\t<div data-elementor-type=\"wp-page\" data-elementor-id=\"541\" class=\"elementor elementor-541\">\n\t\t\t\t\t\t\t\t\t<section class=\"elementor-section elementor-top-section elementor-element elementor-element-023bf43 elementor-section-boxed elementor-section-height-default elementor-section-height-default\" data-id=\"023bf43\" data-element_type=\"section\">\n\t\t\t\t\t\t<div class=\"elementor-container elementor-column-gap-default\">\n\t\t\t\t\t<div class=\"elementor-column elementor-col-100 elementor-top-column elementor-element elementor-element-f99e4c5\" data-id=\"f99e4c5\" data-element_type=\"column\">\n\t\t\t<div class=\"elementor-widget-wrap elementor-element-populated\">\n\t\t\t\t\t\t\t\t<div class=\"elementor-element elementor-element-da53a30 elementor-widget elementor-widget-text-editor\" data-id=\"da53a30\" data-element_type=\"widget\" data-widget_type=\"text-editor.default\">\n\t\t\t\t<div class=\"elementor-widget-container\">\n\t\t\t<style>\/*! elementor - v3.14.0 - 26-06-2023 *\/\n.elementor-widget-text-editor.elementor-drop-cap-view-stacked .elementor-drop-cap{background-color:#69727d;color:#fff}.elementor-widget-text-editor.elementor-drop-cap-view-framed .elementor-drop-cap{color:#69727d;border:3px solid;background-color:transparent}.elementor-widget-text-editor:not(.elementor-drop-cap-view-default) .elementor-drop-cap{margin-top:8px}.elementor-widget-text-editor:not(.elementor-drop-cap-view-default) .elementor-drop-cap-letter{width:1em;height:1em}.elementor-widget-text-editor .elementor-drop-cap{float:left;text-align:center;line-height:1;font-size:50px}.elementor-widget-text-editor .elementor-drop-cap-letter{display:inline-block}<\/style>\t\t\t\t<div class=\"flex flex-grow flex-col gap-3\"><div class=\"min-h-[20px] flex flex-col items-start gap-4 whitespace-pre-wrap break-words\"><div class=\"markdown prose w-full break-words dark:prose-invert light\"><p>Politique des Cookies<\/p><p>Cette politique des cookies explique comment M6 Services utilise les cookies et autres technologies similaires lorsque vous visitez notre site internet. En utilisant notre site, vous consentez \u00e0 l&rsquo;utilisation de cookies conform\u00e9ment \u00e0 cette politique.<\/p><p>Qu&rsquo;est-ce qu&rsquo;un cookie ? Un cookie est un petit fichier texte qui est stock\u00e9 sur votre appareil lorsque vous visitez un site internet. Il permet au site de m\u00e9moriser vos actions et pr\u00e9f\u00e9rences (telles que la langue, la taille de la police, les pr\u00e9f\u00e9rences de couleur, etc.) pendant une certaine p\u00e9riode, afin que vous n&rsquo;ayez pas \u00e0 les saisir \u00e0 chaque fois que vous revenez sur le site ou naviguez d&rsquo;une page \u00e0 l&rsquo;autre.<\/p><p>Comment utilisons-nous les cookies ? Nous utilisons diff\u00e9rents types de cookies sur notre site internet dans le but de vous offrir une exp\u00e9rience utilisateur optimale. Voici les principales cat\u00e9gories de cookies que nous utilisons :<\/p><ol><li><p>Cookies essentiels : Ces cookies sont n\u00e9cessaires au fonctionnement de notre site et vous permettent d&rsquo;acc\u00e9der aux fonctionnalit\u00e9s de base telles que la navigation sur les pages et l&rsquo;acc\u00e8s aux zones s\u00e9curis\u00e9es du site. Sans ces cookies, certaines fonctionnalit\u00e9s du site ne seront pas disponibles.<\/p><\/li><li><p>Cookies de performance : Ces cookies nous aident \u00e0 comprendre comment les visiteurs interagissent avec notre site en collectant des informations anonymes. Ils nous permettent d&rsquo;am\u00e9liorer constamment notre site en analysant les tendances et en identifiant les \u00e9ventuels probl\u00e8mes techniques.<\/p><\/li><li><p>Cookies de fonctionnalit\u00e9 : Ces cookies sont utilis\u00e9s pour m\u00e9moriser vos pr\u00e9f\u00e9rences et personnaliser votre exp\u00e9rience sur notre site. Ils peuvent \u00eatre utilis\u00e9s pour vous reconna\u00eetre lorsque vous revenez sur notre site et pour vous fournir du contenu personnalis\u00e9 en fonction de vos int\u00e9r\u00eats et de votre historique de navigation.<\/p><\/li><\/ol><p>G\u00e9rer les cookies : Vous pouvez contr\u00f4ler et g\u00e9rer les cookies \u00e0 votre convenance en modifiant les param\u00e8tres de votre navigateur. La plupart des navigateurs vous permettent de bloquer ou de supprimer les cookies existants, de limiter l&rsquo;acceptation des cookies ou de vous avertir lorsque des cookies sont envoy\u00e9s \u00e0 votre appareil. Veuillez noter que la d\u00e9sactivation des cookies peut affecter certaines fonctionnalit\u00e9s de notre site.<\/p><p>Modification de la politique des cookies : Nous nous r\u00e9servons le droit de modifier cette politique des cookies \u00e0 tout moment, afin de refl\u00e9ter les \u00e9volutions de notre site et des technologies utilis\u00e9es. Toute modification sera publi\u00e9e sur cette page avec la date de la derni\u00e8re mise \u00e0 jour. Nous vous encourageons \u00e0 consulter r\u00e9guli\u00e8rement cette page pour vous tenir inform\u00e9 des \u00e9ventuels changements.<\/p><p>Contact : Si vous avez des questions ou des pr\u00e9occupations concernant notre politique des cookies, veuillez nous contacter via les coordonn\u00e9es fournies sur notre site internet.<\/p><p>Derni\u00e8re mise \u00e0 jour de la politique des cookies : 01-06-2023<\/p><\/div><\/div><\/div>\t\t\t\t\t\t<\/div>\n\t\t\t\t<\/div>\n\t\t\t\t\t<\/div>\n\t\t<\/div>\n\t\t\t\t\t\t\t<\/div>\n\t\t<\/section>\n\t\t\t\t\t\t\t<\/div>\n\t\t","protected":false},"excerpt":{"rendered":"<p>Politique des Cookies Cette politique des cookies explique comment M6 Services utilise les cookies et autres technologies similaires lorsque vous visitez notre site internet. En utilisant notre site, vous consentez \u00e0 l&rsquo;utilisation de cookies conform\u00e9ment \u00e0 cette politique. Qu&rsquo;est-ce qu&rsquo;un cookie ? Un cookie est un petit fichier texte qui est stock\u00e9 sur votre appareil [&hellip;]<\/p>\n","protected":false},"author":1,"featured_media":0,"parent":0,"menu_order":0,"comment_status":"closed","ping_status":"closed","template":"elementor_header_footer","meta":{"footnotes":""},"class_list":["post-541","page","type-page","status-publish","hentry"],"yoast_head":"<!-- This site is optimized with the Yoast SEO plugin v20.10 - https:\/\/yoast.com\/wordpress\/plugins\/seo\/ -->\n<title>Politique des cookies - M6services<\/title>\n<meta name=\"robots\" content=\"index, follow, max-snippet:-1, max-image-preview:large, max-video-preview:-1\" \/>\n<link rel=\"canonical\" href=\"https:\/\/m6services.be\/index.php\/politique-des-cookies\/\" \/>\n<meta property=\"og:locale\" content=\"fr_FR\" \/>\n<meta property=\"og:type\" content=\"article\" \/>\n<meta property=\"og:title\" content=\"Politique des cookies - M6services\" \/>\n<meta property=\"og:description\" content=\"Politique des Cookies Cette politique des cookies explique comment M6 Services utilise les cookies et autres technologies similaires lorsque vous visitez notre site internet. En utilisant notre site, vous consentez \u00e0 l&rsquo;utilisation de cookies conform\u00e9ment \u00e0 cette politique. Qu&rsquo;est-ce qu&rsquo;un cookie ? Un cookie est un petit fichier texte qui est stock\u00e9 sur votre appareil [&hellip;]\" \/>\n<meta property=\"og:url\" content=\"https:\/\/m6services.be\/index.php\/politique-des-cookies\/\" \/>\n<meta property=\"og:site_name\" content=\"M6services\" \/>\n<meta property=\"article:modified_time\" content=\"2023-06-01T18:46:45+00:00\" \/>\n<meta name=\"twitter:card\" content=\"summary_large_image\" \/>\n<meta name=\"twitter:label1\" content=\"Dur\u00e9e de lecture estim\u00e9e\" \/>\n\t<meta name=\"twitter:data1\" content=\"3 minutes\" \/>\n<script type=\"application\/ld+json\" class=\"yoast-schema-graph\">{\"@context\":\"https:\/\/schema.org\",\"@graph\":[{\"@type\":\"WebPage\",\"@id\":\"https:\/\/m6services.be\/index.php\/politique-des-cookies\/\",\"url\":\"https:\/\/m6services.be\/index.php\/politique-des-cookies\/\",\"name\":\"Politique des cookies - M6services\",\"isPartOf\":{\"@id\":\"https:\/\/m6services.be\/#website\"},\"datePublished\":\"2023-06-01T18:45:59+00:00\",\"dateModified\":\"2023-06-01T18:46:45+00:00\",\"breadcrumb\":{\"@id\":\"https:\/\/m6services.be\/index.php\/politique-des-cookies\/#breadcrumb\"},\"inLanguage\":\"fr-FR\",\"potentialAction\":[{\"@type\":\"ReadAction\",\"target\":[\"https:\/\/m6services.be\/index.php\/politique-des-cookies\/\"]}]},{\"@type\":\"BreadcrumbList\",\"@id\":\"https:\/\/m6services.be\/index.php\/politique-des-cookies\/#breadcrumb\",\"itemListElement\":[{\"@type\":\"ListItem\",\"position\":1,\"name\":\"Accueil\",\"item\":\"https:\/\/m6services.be\/\"},{\"@type\":\"ListItem\",\"position\":2,\"name\":\"Politique des cookies\"}]},{\"@type\":\"WebSite\",\"@id\":\"https:\/\/m6services.be\/#website\",\"url\":\"https:\/\/m6services.be\/\",\"name\":\"M6services\",\"description\":\" Votre partenaire pour tous vos besoins en \u00e9nergie et en construction\",\"publisher\":{\"@id\":\"https:\/\/m6services.be\/#organization\"},\"potentialAction\":[{\"@type\":\"SearchAction\",\"target\":{\"@type\":\"EntryPoint\",\"urlTemplate\":\"https:\/\/m6services.be\/?s={search_term_string}\"},\"query-input\":\"required name=search_term_string\"}],\"inLanguage\":\"fr-FR\"},{\"@type\":\"Organization\",\"@id\":\"https:\/\/m6services.be\/#organization\",\"name\":\"M6services\",\"url\":\"https:\/\/m6services.be\/\",\"logo\":{\"@type\":\"ImageObject\",\"inLanguage\":\"fr-FR\",\"@id\":\"https:\/\/m6services.be\/#\/schema\/logo\/image\/\",\"url\":\"https:\/\/m6services.be\/wp-content\/uploads\/2023\/04\/logo1.2.png\",\"contentUrl\":\"https:\/\/m6services.be\/wp-content\/uploads\/2023\/04\/logo1.2.png\",\"width\":3679,\"height\":3020,\"caption\":\"M6services\"},\"image\":{\"@id\":\"https:\/\/m6services.be\/#\/schema\/logo\/image\/\"}}]}<\/script>\n<!-- \/ Yoast SEO plugin. -->","yoast_head_json":{"title":"Politique des cookies - M6services","robots":{"index":"index","follow":"follow","max-snippet":"max-snippet:-1","max-image-preview":"max-image-preview:large","max-video-preview":"max-video-preview:-1"},"canonical":"https:\/\/m6services.be\/index.php\/politique-des-cookies\/","og_locale":"fr_FR","og_type":"article","og_title":"Politique des cookies - M6services","og_description":"Politique des Cookies Cette politique des cookies explique comment M6 Services utilise les cookies et autres technologies similaires lorsque vous visitez notre site internet. En utilisant notre site, vous consentez \u00e0 l&rsquo;utilisation de cookies conform\u00e9ment \u00e0 cette politique. Qu&rsquo;est-ce qu&rsquo;un cookie ? Un cookie est un petit fichier texte qui est stock\u00e9 sur votre appareil [&hellip;]","og_url":"https:\/\/m6services.be\/index.php\/politique-des-cookies\/","og_site_name":"M6services","article_modified_time":"2023-06-01T18:46:45+00:00","twitter_card":"summary_large_image","twitter_misc":{"Dur\u00e9e de lecture estim\u00e9e":"3 minutes"},"schema":{"@context":"https:\/\/schema.org","@graph":[{"@type":"WebPage","@id":"https:\/\/m6services.be\/index.php\/politique-des-cookies\/","url":"https:\/\/m6services.be\/index.php\/politique-des-cookies\/","name":"Politique des cookies - M6services","isPartOf":{"@id":"https:\/\/m6services.be\/#website"},"datePublished":"2023-06-01T18:45:59+00:00","dateModified":"2023-06-01T18:46:45+00:00","breadcrumb":{"@id":"https:\/\/m6services.be\/index.php\/politique-des-cookies\/#breadcrumb"},"inLanguage":"fr-FR","potentialAction":[{"@type":"ReadAction","target":["https:\/\/m6services.be\/index.php\/politique-des-cookies\/"]}]},{"@type":"BreadcrumbList","@id":"https:\/\/m6services.be\/index.php\/politique-des-cookies\/#breadcrumb","itemListElement":[{"@type":"ListItem","position":1,"name":"Accueil","item":"https:\/\/m6services.be\/"},{"@type":"ListItem","position":2,"name":"Politique des cookies"}]},{"@type":"WebSite","@id":"https:\/\/m6services.be\/#website","url":"https:\/\/m6services.be\/","name":"M6services","description":" Votre partenaire pour tous vos besoins en \u00e9nergie et en construction","publisher":{"@id":"https:\/\/m6services.be\/#organization"},"potentialAction":[{"@type":"SearchAction","target":{"@type":"EntryPoint","urlTemplate":"https:\/\/m6services.be\/?s={search_term_string}"},"query-input":"required name=search_term_string"}],"inLanguage":"fr-FR"},{"@type":"Organization","@id":"https:\/\/m6services.be\/#organization","name":"M6services","url":"https:\/\/m6services.be\/","logo":{"@type":"ImageObject","inLanguage":"fr-FR","@id":"https:\/\/m6services.be\/#\/schema\/logo\/image\/","url":"https:\/\/m6services.be\/wp-content\/uploads\/2023\/04\/logo1.2.png","contentUrl":"https:\/\/m6services.be\/wp-content\/uploads\/2023\/04\/logo1.2.png","width":3679,"height":3020,"caption":"M6services"},"image":{"@id":"https:\/\/m6services.be\/#\/schema\/logo\/image\/"}}]}},"_links":{"self":[{"href":"https:\/\/m6services.be\/index.php\/wp-json\/wp\/v2\/pages\/541","targetHints":{"allow":["GET"]}}],"collection":[{"href":"https:\/\/m6services.be\/index.php\/wp-json\/wp\/v2\/pages"}],"about":[{"href":"https:\/\/m6services.be\/index.php\/wp-json\/wp\/v2\/types\/page"}],"author":[{"embeddable":true,"href":"https:\/\/m6services.be\/index.php\/wp-json\/wp\/v2\/users\/1"}],"replies":[{"embeddable":true,"href":"https:\/\/m6services.be\/index.php\/wp-json\/wp\/v2\/comments?post=541"}],"version-history":[{"count":4,"href":"https:\/\/m6services.be\/index.php\/wp-json\/wp\/v2\/pages\/541\/revisions"}],"predecessor-version":[{"id":545,"href":"https:\/\/m6services.be\/index.php\/wp-json\/wp\/v2\/pages\/541\/revisions\/545"}],"wp:attachment":[{"href":"https:\/\/m6services.be\/index.php\/wp-json\/wp\/v2\/media?parent=541"}],"curies":[{"name":"wp","href":"https:\/\/api.w.org\/{rel}","templated":true}]}}