{"id":3,"date":"2023-04-11T18:01:16","date_gmt":"2023-04-11T16:01:16","guid":{"rendered":"https:\/\/m6services.be\/?page_id=3"},"modified":"2023-06-01T20:41:04","modified_gmt":"2023-06-01T18:41:04","slug":"politique-de-confidentialite","status":"publish","type":"page","link":"https:\/\/m6services.be\/index.php\/politique-de-confidentialite\/","title":{"rendered":"Politique de confidentialit\u00e9"},"content":{"rendered":"\t\t<div data-elementor-type=\"wp-page\" data-elementor-id=\"3\" class=\"elementor elementor-3\">\n\t\t\t\t\t\t\t\t\t<section class=\"elementor-section elementor-top-section elementor-element elementor-element-65f22dea elementor-section-boxed elementor-section-height-default elementor-section-height-default\" data-id=\"65f22dea\" data-element_type=\"section\">\n\t\t\t\t\t\t<div class=\"elementor-container elementor-column-gap-default\">\n\t\t\t\t\t<div class=\"elementor-column elementor-col-100 elementor-top-column elementor-element elementor-element-e78fd0d\" data-id=\"e78fd0d\" data-element_type=\"column\">\n\t\t\t<div class=\"elementor-widget-wrap elementor-element-populated\">\n\t\t\t\t\t\t\t\t<div class=\"elementor-element elementor-element-71251d95 elementor-widget elementor-widget-text-editor\" data-id=\"71251d95\" data-element_type=\"widget\" data-widget_type=\"text-editor.default\">\n\t\t\t\t<div class=\"elementor-widget-container\">\n\t\t\t<style>\/*! elementor - v3.14.0 - 26-06-2023 *\/\n.elementor-widget-text-editor.elementor-drop-cap-view-stacked .elementor-drop-cap{background-color:#69727d;color:#fff}.elementor-widget-text-editor.elementor-drop-cap-view-framed .elementor-drop-cap{color:#69727d;border:3px solid;background-color:transparent}.elementor-widget-text-editor:not(.elementor-drop-cap-view-default) .elementor-drop-cap{margin-top:8px}.elementor-widget-text-editor:not(.elementor-drop-cap-view-default) .elementor-drop-cap-letter{width:1em;height:1em}.elementor-widget-text-editor .elementor-drop-cap{float:left;text-align:center;line-height:1;font-size:50px}.elementor-widget-text-editor .elementor-drop-cap-letter{display:inline-block}<\/style>\t\t\t\t<p>Politique de confidentialit\u00e9<\/p>\n<p>Chez M6 Services, nous accordons une grande importance \u00e0 la confidentialit\u00e9 et \u00e0 la s\u00e9curit\u00e9 des informations personnelles de nos utilisateurs. Cette politique de confidentialit\u00e9 explique comment nous collectons, utilisons, partageons et prot\u00e9geons vos informations lors de votre utilisation de notre site internet. Veuillez prendre le temps de lire attentivement cette politique pour comprendre nos pratiques en mati\u00e8re de confidentialit\u00e9.<\/p>\n<p>Collecte d&rsquo;informations : Lorsque vous visitez notre site internet, nous pouvons collecter certaines informations personnelles vous concernant, telles que votre nom, votre adresse e-mail et votre num\u00e9ro de t\u00e9l\u00e9phone. Nous collectons \u00e9galement des informations non personnelles, telles que des donn\u00e9es d\u00e9mographiques et des informations sur votre utilisation du site.<\/p>\n<p>Utilisation des informations : Nous utilisons les informations collect\u00e9es pour vous fournir les services et les informations demand\u00e9s, pour am\u00e9liorer notre site internet et personnaliser votre exp\u00e9rience utilisateur. Nous pouvons \u00e9galement utiliser vos informations pour vous contacter concernant des offres, des promotions ou des mises \u00e0 jour de nos services.<\/p>\n<p>Partage des informations : Nous ne vendons pas, ne louons pas et ne partageons pas vos informations personnelles avec des tiers, sauf dans les cas suivants : lorsque cela est n\u00e9cessaire pour fournir les services que vous avez demand\u00e9s, lorsque cela est exig\u00e9 par la loi, ou lorsque vous nous donnez votre consentement explicite pour le partage de vos informations.<\/p>\n<p>Protection des informations : Nous mettons en place des mesures de s\u00e9curit\u00e9 appropri\u00e9es pour prot\u00e9ger vos informations personnelles contre tout acc\u00e8s non autoris\u00e9, toute divulgation ou toute utilisation abusive. Cependant, veuillez noter qu&rsquo;aucune m\u00e9thode de transmission sur Internet, ou m\u00e9thode de stockage \u00e9lectronique, n&rsquo;est totalement s\u00e9curis\u00e9e. Nous ne pouvons donc garantir une s\u00e9curit\u00e9 absolue de vos informations.<\/p>\n<p>Cookies : Nous utilisons des cookies sur notre site internet pour am\u00e9liorer votre exp\u00e9rience utilisateur, personnaliser le contenu et les publicit\u00e9s, et analyser l&rsquo;utilisation du site. Vous pouvez choisir de d\u00e9sactiver les cookies dans les param\u00e8tres de votre navigateur, mais cela peut affecter certaines fonctionnalit\u00e9s de notre site.<\/p>\n<p>Modifications de la politique de confidentialit\u00e9 : Nous nous r\u00e9servons le droit de modifier cette politique de confidentialit\u00e9 \u00e0 tout moment. Toute modification sera publi\u00e9e sur cette page et sera effective d\u00e8s sa publication. Il est recommand\u00e9 de consulter r\u00e9guli\u00e8rement cette politique pour rester inform\u00e9 des \u00e9ventuelles mises \u00e0 jour.<\/p>\n<p>Contact : Si vous avez des questions ou des pr\u00e9occupations concernant notre politique de confidentialit\u00e9, veuillez nous contacter via les coordonn\u00e9es fournies sur notre site internet.<\/p>\n<p>Derni\u00e8re mise \u00e0 jour de la politique de confidentialit\u00e9 : 01-06-2023<\/p>\t\t\t\t\t\t<\/div>\n\t\t\t\t<\/div>\n\t\t\t\t\t<\/div>\n\t\t<\/div>\n\t\t\t\t\t\t\t<\/div>\n\t\t<\/section>\n\t\t\t\t\t\t\t<\/div>\n\t\t","protected":false},"excerpt":{"rendered":"<p>Politique de confidentialit\u00e9 Chez M6 Services, nous accordons une grande importance \u00e0 la confidentialit\u00e9 et \u00e0 la s\u00e9curit\u00e9 des informations personnelles de nos utilisateurs. Cette politique de confidentialit\u00e9 explique comment nous collectons, utilisons, partageons et prot\u00e9geons vos informations lors de votre utilisation de notre site internet. Veuillez prendre le temps de lire attentivement cette politique [&hellip;]<\/p>\n","protected":false},"author":1,"featured_media":0,"parent":0,"menu_order":0,"comment_status":"closed","ping_status":"open","template":"elementor_header_footer","meta":{"footnotes":""},"class_list":["post-3","page","type-page","status-publish","hentry"],"yoast_head":"<!-- This site is optimized with the Yoast SEO plugin v20.10 - https:\/\/yoast.com\/wordpress\/plugins\/seo\/ -->\n<title>Politique de confidentialit\u00e9 - M6services<\/title>\n<meta name=\"robots\" content=\"index, follow, max-snippet:-1, max-image-preview:large, max-video-preview:-1\" \/>\n<link rel=\"canonical\" href=\"https:\/\/m6services.be\/index.php\/politique-de-confidentialite\/\" \/>\n<meta property=\"og:locale\" content=\"fr_FR\" \/>\n<meta property=\"og:type\" content=\"article\" \/>\n<meta property=\"og:title\" content=\"Politique de confidentialit\u00e9 - M6services\" \/>\n<meta property=\"og:description\" content=\"Politique de confidentialit\u00e9 Chez M6 Services, nous accordons une grande importance \u00e0 la confidentialit\u00e9 et \u00e0 la s\u00e9curit\u00e9 des informations personnelles de nos utilisateurs. Cette politique de confidentialit\u00e9 explique comment nous collectons, utilisons, partageons et prot\u00e9geons vos informations lors de votre utilisation de notre site internet. Veuillez prendre le temps de lire attentivement cette politique [&hellip;]\" \/>\n<meta property=\"og:url\" content=\"https:\/\/m6services.be\/index.php\/politique-de-confidentialite\/\" \/>\n<meta property=\"og:site_name\" content=\"M6services\" \/>\n<meta property=\"article:modified_time\" content=\"2023-06-01T18:41:04+00:00\" \/>\n<meta name=\"twitter:card\" content=\"summary_large_image\" \/>\n<meta name=\"twitter:label1\" content=\"Dur\u00e9e de lecture estim\u00e9e\" \/>\n\t<meta name=\"twitter:data1\" content=\"3 minutes\" \/>\n<script type=\"application\/ld+json\" class=\"yoast-schema-graph\">{\"@context\":\"https:\/\/schema.org\",\"@graph\":[{\"@type\":\"WebPage\",\"@id\":\"https:\/\/m6services.be\/index.php\/politique-de-confidentialite\/\",\"url\":\"https:\/\/m6services.be\/index.php\/politique-de-confidentialite\/\",\"name\":\"Politique de confidentialit\u00e9 - M6services\",\"isPartOf\":{\"@id\":\"https:\/\/m6services.be\/#website\"},\"datePublished\":\"2023-04-11T16:01:16+00:00\",\"dateModified\":\"2023-06-01T18:41:04+00:00\",\"breadcrumb\":{\"@id\":\"https:\/\/m6services.be\/index.php\/politique-de-confidentialite\/#breadcrumb\"},\"inLanguage\":\"fr-FR\",\"potentialAction\":[{\"@type\":\"ReadAction\",\"target\":[\"https:\/\/m6services.be\/index.php\/politique-de-confidentialite\/\"]}]},{\"@type\":\"BreadcrumbList\",\"@id\":\"https:\/\/m6services.be\/index.php\/politique-de-confidentialite\/#breadcrumb\",\"itemListElement\":[{\"@type\":\"ListItem\",\"position\":1,\"name\":\"Accueil\",\"item\":\"https:\/\/m6services.be\/\"},{\"@type\":\"ListItem\",\"position\":2,\"name\":\"Politique de confidentialit\u00e9\"}]},{\"@type\":\"WebSite\",\"@id\":\"https:\/\/m6services.be\/#website\",\"url\":\"https:\/\/m6services.be\/\",\"name\":\"M6services\",\"description\":\" Votre partenaire pour tous vos besoins en \u00e9nergie et en construction\",\"publisher\":{\"@id\":\"https:\/\/m6services.be\/#organization\"},\"potentialAction\":[{\"@type\":\"SearchAction\",\"target\":{\"@type\":\"EntryPoint\",\"urlTemplate\":\"https:\/\/m6services.be\/?s={search_term_string}\"},\"query-input\":\"required name=search_term_string\"}],\"inLanguage\":\"fr-FR\"},{\"@type\":\"Organization\",\"@id\":\"https:\/\/m6services.be\/#organization\",\"name\":\"M6services\",\"url\":\"https:\/\/m6services.be\/\",\"logo\":{\"@type\":\"ImageObject\",\"inLanguage\":\"fr-FR\",\"@id\":\"https:\/\/m6services.be\/#\/schema\/logo\/image\/\",\"url\":\"https:\/\/m6services.be\/wp-content\/uploads\/2023\/04\/logo1.2.png\",\"contentUrl\":\"https:\/\/m6services.be\/wp-content\/uploads\/2023\/04\/logo1.2.png\",\"width\":3679,\"height\":3020,\"caption\":\"M6services\"},\"image\":{\"@id\":\"https:\/\/m6services.be\/#\/schema\/logo\/image\/\"}}]}<\/script>\n<!-- \/ Yoast SEO plugin. -->","yoast_head_json":{"title":"Politique de confidentialit\u00e9 - M6services","robots":{"index":"index","follow":"follow","max-snippet":"max-snippet:-1","max-image-preview":"max-image-preview:large","max-video-preview":"max-video-preview:-1"},"canonical":"https:\/\/m6services.be\/index.php\/politique-de-confidentialite\/","og_locale":"fr_FR","og_type":"article","og_title":"Politique de confidentialit\u00e9 - M6services","og_description":"Politique de confidentialit\u00e9 Chez M6 Services, nous accordons une grande importance \u00e0 la confidentialit\u00e9 et \u00e0 la s\u00e9curit\u00e9 des informations personnelles de nos utilisateurs. Cette politique de confidentialit\u00e9 explique comment nous collectons, utilisons, partageons et prot\u00e9geons vos informations lors de votre utilisation de notre site internet. Veuillez prendre le temps de lire attentivement cette politique [&hellip;]","og_url":"https:\/\/m6services.be\/index.php\/politique-de-confidentialite\/","og_site_name":"M6services","article_modified_time":"2023-06-01T18:41:04+00:00","twitter_card":"summary_large_image","twitter_misc":{"Dur\u00e9e de lecture estim\u00e9e":"3 minutes"},"schema":{"@context":"https:\/\/schema.org","@graph":[{"@type":"WebPage","@id":"https:\/\/m6services.be\/index.php\/politique-de-confidentialite\/","url":"https:\/\/m6services.be\/index.php\/politique-de-confidentialite\/","name":"Politique de confidentialit\u00e9 - M6services","isPartOf":{"@id":"https:\/\/m6services.be\/#website"},"datePublished":"2023-04-11T16:01:16+00:00","dateModified":"2023-06-01T18:41:04+00:00","breadcrumb":{"@id":"https:\/\/m6services.be\/index.php\/politique-de-confidentialite\/#breadcrumb"},"inLanguage":"fr-FR","potentialAction":[{"@type":"ReadAction","target":["https:\/\/m6services.be\/index.php\/politique-de-confidentialite\/"]}]},{"@type":"BreadcrumbList","@id":"https:\/\/m6services.be\/index.php\/politique-de-confidentialite\/#breadcrumb","itemListElement":[{"@type":"ListItem","position":1,"name":"Accueil","item":"https:\/\/m6services.be\/"},{"@type":"ListItem","position":2,"name":"Politique de confidentialit\u00e9"}]},{"@type":"WebSite","@id":"https:\/\/m6services.be\/#website","url":"https:\/\/m6services.be\/","name":"M6services","description":" Votre partenaire pour tous vos besoins en \u00e9nergie et en construction","publisher":{"@id":"https:\/\/m6services.be\/#organization"},"potentialAction":[{"@type":"SearchAction","target":{"@type":"EntryPoint","urlTemplate":"https:\/\/m6services.be\/?s={search_term_string}"},"query-input":"required name=search_term_string"}],"inLanguage":"fr-FR"},{"@type":"Organization","@id":"https:\/\/m6services.be\/#organization","name":"M6services","url":"https:\/\/m6services.be\/","logo":{"@type":"ImageObject","inLanguage":"fr-FR","@id":"https:\/\/m6services.be\/#\/schema\/logo\/image\/","url":"https:\/\/m6services.be\/wp-content\/uploads\/2023\/04\/logo1.2.png","contentUrl":"https:\/\/m6services.be\/wp-content\/uploads\/2023\/04\/logo1.2.png","width":3679,"height":3020,"caption":"M6services"},"image":{"@id":"https:\/\/m6services.be\/#\/schema\/logo\/image\/"}}]}},"_links":{"self":[{"href":"https:\/\/m6services.be\/index.php\/wp-json\/wp\/v2\/pages\/3","targetHints":{"allow":["GET"]}}],"collection":[{"href":"https:\/\/m6services.be\/index.php\/wp-json\/wp\/v2\/pages"}],"about":[{"href":"https:\/\/m6services.be\/index.php\/wp-json\/wp\/v2\/types\/page"}],"author":[{"embeddable":true,"href":"https:\/\/m6services.be\/index.php\/wp-json\/wp\/v2\/users\/1"}],"replies":[{"embeddable":true,"href":"https:\/\/m6services.be\/index.php\/wp-json\/wp\/v2\/comments?post=3"}],"version-history":[{"count":4,"href":"https:\/\/m6services.be\/index.php\/wp-json\/wp\/v2\/pages\/3\/revisions"}],"predecessor-version":[{"id":535,"href":"https:\/\/m6services.be\/index.php\/wp-json\/wp\/v2\/pages\/3\/revisions\/535"}],"wp:attachment":[{"href":"https:\/\/m6services.be\/index.php\/wp-json\/wp\/v2\/media?parent=3"}],"curies":[{"name":"wp","href":"https:\/\/api.w.org\/{rel}","templated":true}]}}